{"id":51,"date":"2025-09-14T14:39:29","date_gmt":"2025-09-14T14:39:29","guid":{"rendered":"https:\/\/osteo-heller.ch\/?page_id=51"},"modified":"2026-03-01T11:39:35","modified_gmt":"2026-03-01T11:39:35","slug":"kontakt","status":"publish","type":"page","link":"https:\/\/osteo-heller.ch\/?page_id=51","title":{"rendered":"Kontakt"},"content":{"rendered":"\n<div class=\"wp-block-group alignwide has-global-padding is-layout-constrained wp-block-group-is-layout-constrained\">\n<div class=\"wp-block-group alignwide is-layout-flow wp-block-group-is-layout-flow\" style=\"padding-top:var(--wp--preset--spacing--50);padding-bottom:var(--wp--preset--spacing--50)\">\n<figure class=\"wp-block-image size-full is-resized\"><img decoding=\"async\" src=\"https:\/\/osteo-heller.ch\/wp-content\/themes\/twentytwentyfour\/assets\/images\/icon-message.webp\" alt=\"\" style=\"width:40px;height:auto\"\/><\/figure>\n\n\n\n<p><strong>Osteopathie Meggen<\/strong><br>Hauptstrasse 5<br>6045 Meggen<\/p>\n\n\n\n<p>Mehr Infos zur Praxis Osteopathie Meggen finden Sie <a href=\"http:\/\/www.osteo-meggen.ch\">hier<\/a>.<\/p>\n\n\n\n<p><strong>Hausbesuche f\u00fcr Neugeborene<\/strong><br>Im <strong>Raum Sursee-Luzern<\/strong> k\u00f6nnen f\u00fcr die Behandlung von Babies auch Anfragen f\u00fcr Hausbesuche gemacht werden.<\/p>\n\n\n\n<p>Kontaktieren Sie mich gerne \u00fcber e-Mail, SMS, Whatsapp, Threema oder Telefon. <br>Anrufe k\u00f6nnen oft nicht direkt entgegengenommen werden. Hinterlassen Sie bitte eine Nachricht auf der Combox und ich werde so schnell wie m\u00f6glich zur\u00fcckrufen.<\/p>\n\n\n\n<hr class=\"wp-block-separator has-alpha-channel-opacity is-style-wide\"\/>\n\n\n\n<div class=\"wp-block-columns is-layout-flex wp-container-core-columns-is-layout-633352e7 wp-block-columns-is-layout-flex\" style=\"padding-top:var(--wp--preset--spacing--10)\">\n<div class=\"wp-block-column is-layout-flow wp-block-column-is-layout-flow\" style=\"flex-basis:57%\">\n<h2 class=\"wp-block-heading has-x-large-font-size\"><\/h2>\n<\/div>\n\n\n\n<div class=\"wp-block-column is-layout-flow wp-block-column-is-layout-flow\" style=\"flex-basis:30%\">\n<div class=\"wp-block-group is-vertical is-layout-flex wp-container-core-group-is-layout-ea0cb840 wp-block-group-is-layout-flex\">\n<h3 class=\"wp-block-heading has-body-font-family has-medium-font-size\">E-Mail<\/h3>\n\n\n\n<p><a href=\"#\">info@osteo-heller.ch<\/a><\/p>\n<\/div>\n<\/div>\n\n\n\n<div class=\"wp-block-column is-layout-flow wp-block-column-is-layout-flow\" style=\"flex-basis:30%\">\n<div class=\"wp-block-columns is-not-stacked-on-mobile is-layout-flex wp-container-core-columns-is-layout-28f84493 wp-block-columns-is-layout-flex\">\n<div class=\"wp-block-column is-layout-flow wp-block-column-is-layout-flow\">\n<div class=\"wp-block-group is-vertical is-layout-flex wp-container-core-group-is-layout-ea0cb840 wp-block-group-is-layout-flex\">\n<h3 class=\"wp-block-heading has-body-font-family has-medium-font-size\">Telefon<\/h3>\n\n\n\n<p><a href=\"#\">078 300 08 09<\/a><\/p>\n<\/div>\n<\/div>\n<\/div>\n<\/div>\n<\/div>\n\n\n\n<div style=\"height:var(--wp--preset--spacing--50)\" aria-hidden=\"true\" class=\"wp-block-spacer\"><\/div>\n<\/div>\n<\/div>\n","protected":false},"excerpt":{"rendered":"<p>Osteopathie MeggenHauptstrasse 56045 Meggen Mehr Infos zur Praxis Osteopathie Meggen finden Sie hier. Hausbesuche f\u00fcr NeugeboreneIm Raum Sursee-Luzern k\u00f6nnen f\u00fcr die Behandlung von Babies auch Anfragen f\u00fcr Hausbesuche gemacht werden. Kontaktieren Sie mich gerne \u00fcber e-Mail, SMS, Whatsapp, Threema oder Telefon. Anrufe k\u00f6nnen oft nicht direkt entgegengenommen werden. Hinterlassen Sie bitte eine Nachricht auf der [&hellip;]<\/p>\n","protected":false},"author":1,"featured_media":0,"parent":0,"menu_order":0,"comment_status":"closed","ping_status":"closed","template":"","meta":{"footnotes":""},"class_list":["post-51","page","type-page","status-publish","hentry"],"_links":{"self":[{"href":"https:\/\/osteo-heller.ch\/index.php?rest_route=\/wp\/v2\/pages\/51","targetHints":{"allow":["GET"]}}],"collection":[{"href":"https:\/\/osteo-heller.ch\/index.php?rest_route=\/wp\/v2\/pages"}],"about":[{"href":"https:\/\/osteo-heller.ch\/index.php?rest_route=\/wp\/v2\/types\/page"}],"author":[{"embeddable":true,"href":"https:\/\/osteo-heller.ch\/index.php?rest_route=\/wp\/v2\/users\/1"}],"replies":[{"embeddable":true,"href":"https:\/\/osteo-heller.ch\/index.php?rest_route=%2Fwp%2Fv2%2Fcomments&post=51"}],"version-history":[{"count":15,"href":"https:\/\/osteo-heller.ch\/index.php?rest_route=\/wp\/v2\/pages\/51\/revisions"}],"predecessor-version":[{"id":167,"href":"https:\/\/osteo-heller.ch\/index.php?rest_route=\/wp\/v2\/pages\/51\/revisions\/167"}],"wp:attachment":[{"href":"https:\/\/osteo-heller.ch\/index.php?rest_route=%2Fwp%2Fv2%2Fmedia&parent=51"}],"curies":[{"name":"wp","href":"https:\/\/api.w.org\/{rel}","templated":true}]}}