{"id":105,"date":"2025-09-21T13:50:51","date_gmt":"2025-09-21T13:50:51","guid":{"rendered":"https:\/\/osteo-heller.ch\/?page_id=105"},"modified":"2025-09-23T19:24:01","modified_gmt":"2025-09-23T19:24:01","slug":"datenschutzerklaerung","status":"publish","type":"page","link":"https:\/\/osteo-heller.ch\/?page_id=105","title":{"rendered":"Datenschutzerkl\u00e4rung"},"content":{"rendered":"\n<p>Wir freuen uns \u00fcber Ihr Interesse an unserem Unternehmen. Datenschutz hat einen hohen Stellenwert in unserer Praxis. Eine Nutzung unserer Internetseite ist grunds\u00e4tzlich ohne jede Angabe personenbezogener Daten m\u00f6glich. Sofern eine betroffene Person besondere Services des Unternehmens \u00fcber unsere Internetseite in Anspruch nehmen m\u00f6chte, k\u00f6nnte jedoch eine Verarbeitung personenbezogener Daten erforderlich werden. Daf\u00fcr holen wir eine Einwilligung der betroffenen Person ein.<br>Als Verantwortliche haben wir zahlreiche technische und organisatorische Ma\u00dfnahmen umgesetzt, um einen m\u00f6glichst l\u00fcckenlosen Schutz der \u00fcber diese Internetseite verarbeiteten personenbezogenen Daten sicherzustellen. Dennoch k\u00f6nnen Internetbasierte Daten\u00fcbertragungen grunds\u00e4tzlich Sicherheitsl\u00fccken aufweisen, sodass ein absoluter Schutz nicht gew\u00e4hrleistet werden kann. Aus diesem Grund steht es jeder betroffenen Person frei, personenbezogene Daten auch auf alternativen Wegen, beispielsweise telefonisch, an uns zu \u00fcbermitteln.<br><br>Verantwortliche Stelle<br>Verantwortliche Stelle im Sinne der Datenschutzgesetze (inkl. neuem Datenschutzgesetz nDSG) ist:<br><br>Osteopathie Meggen<br>Hauptstrasse 5<br>6045 Meggen<\/p>\n\n\n\n<p><a href=\"mailto:info@osteo-heller.ch\">info@osteo-heller.ch<\/a><br><br>Einwilligungspflichtige Datenverarbeitung<\/p>\n\n\n\n<p>Ihr Einverst\u00e4ndnis gilt gegen\u00fcber der Praxis und deren Therapeutinnen und Therapeuten. Sie gilt zudem als ausdr\u00fcckliche Entbindung vom Berufsgeheimnis nach Art. 321 StGB, soweit es f\u00fcr den Zweck der T\u00e4tigkeit notwendig ist. Ihre Einwilligung erfolgt f\u00fcr den gesamten Umgang mit den Personendaten, unabh\u00e4ngig von den angewandten Mitteln und Verfahren, insbesondere das Beschaffen, Speichern, Aufbewahren, Verwenden, Ver\u00e4ndern, Bekanntgeben, Archivieren, L\u00f6schen oder Vernichten von Daten.&nbsp;<\/p>\n\n\n\n<p>Erhebung und Zweck der Datenverarbeitung<\/p>\n\n\n\n<p>Die Erhebung von Daten erfolgt einerseits durch den\/die Therapeuten\/In im Rahmen Ihrer Behandlung. In Ihrer Krankengeschichte werden nur Daten bearbeitet, die im Zusammenhang mit Ihrer osteopathischen Behandlung stehen. Die Krankengeschichte umfasst die auf dem Patientenformular gemachten pers\u00f6nlichen Angaben wie Personalien, Kontaktdaten und Versicherungsangaben sowie unter anderem das im Rahmen der Behandlung durchgef\u00fchrte Aufkl\u00e4rungsgespr\u00e4ch, erhobene Gesundheitsdaten wie Anamnesen, Diagnosen, Therapievorschl\u00e4ge und Befunde.&nbsp;<\/p>\n\n\n\n<p>Einwilligungspflichtige Daten\u00fcbermittlung<\/p>\n\n\n\n<p>Mit Ihrer Einwilligung (oder in Ausnahmen wenn es gesetzlich erlaubt oder verlangt ist)&nbsp; erfolgt die \u00dcbermittlung von Daten an weitere berechtigte Empf\u00e4nger. z.B. auf Wunsch and andere Therapeuten, Krankenversicherung, Unfall oder Invalidenversicherung, kantonale Dienste (Meldepflicht), Inkassob\u00fcro (bei Geldforderungen)<\/p>\n\n\n\n<p>Aufbewahrungsdauer<\/p>\n\n\n\n<p>Die Therapeut*innen sind gesetzlich dazu verpflichtet, Ihre Daten und Ihre Krankengeschichte aufzubewahren. Diese Aufbewahrung dauert grunds\u00e4tzlich 10 Jahre ab der letzten Konsultation. Danach wird sie vorbeh\u00e4ltlich anderer Abreden vernichtet. Eine vorzeitige L\u00f6schung darf von Ihnen jederzeit verlangt werden.&nbsp;<\/p>\n\n\n\n<p>Auskunft, Einsicht und Herausgabe<\/p>\n\n\n\n<p>Sie haben jederzeit das Recht, Auskunft zu Ihren Personendaten zu erhalten. Sie k\u00f6nnen Ihre Krankengeschichte einsehen oder auch eine Kopie verlangen.&nbsp;<\/p>\n\n\n\n<p>Berichtigung Ihrer Angaben<\/p>\n\n\n\n<p>Wenn Sie feststellen oder der Ansicht sind, dass Ihre Daten nicht korrekt oder unvollst\u00e4ndig sind, haben Sie die M\u00f6glichkeit, eine Berichtigung zu verlangen.&nbsp;<\/p>\n\n\n\n<p>Kontaktformular<br>Wenn Sie die im Kontaktformular eingegebenen Daten durch Klick auf den nachfolgenden Button \u00fcbersenden, erkl\u00e4ren Sie sich damit einverstanden, dass wir Ihre Angaben f\u00fcr die Beantwortung Ihrer Anfrage bzw. Kontaktaufnahme verwenden.<br><br>SSL-Verschl\u00fcsselung<br>Um die Sicherheit Ihrer Daten bei der \u00dcbertragung zu sch\u00fctzen, verwenden wir dem aktuellen Stand der Technik entsprechende Verschl\u00fcsselungsverfahren (z. B. SSL) \u00fcber HTTPS.<br><br><br>Google Maps<br>Diese Webseite verwendet Google Maps API, um geographische Informationen visuell darzustellen. Bei der Nutzung von Google Maps werden von Google auch Daten \u00fcber die Nutzung der Kartenfunktionen durch Besucher erhoben, verarbeitet und genutzt. N\u00e4here Informationen \u00fcber die Datenverarbeitung durch Google k\u00f6nnen Sie den Google-Datenschutzhinweisen entnehmen. Dort k\u00f6nnen Sie im Datenschutzcenter auch Ihre pers\u00f6nlichen Datenschutz-Einstellungen ver\u00e4ndern.Ausf\u00fchrliche Anleitungen zur Verwaltung der eigenen Daten im Zusammenhang mit Google-Produkten finden Sie \u00fcber den folgenden Link: <a href=\"https:\/\/support.google.com\/accounts\/answer\/3024190\">http:\/\/www.dataliberation.org<br><br><br><br><br><\/a>\u00c4nderung unserer Datenschutzbestimmungen<br>Wir behalten uns vor, diese Datenschutzerkl\u00e4rung gelegentlich anzupassen, damit sie stets den aktuellen rechtlichen Anforderungen entspricht oder um \u00c4nderungen unserer Leistungen in der Datenschutzerkl\u00e4rung umzusetzen, z. B. bei der Einf\u00fchrung neuer Services. F\u00fcr Ihren erneuten Besuch gilt dann die neue Datenschutzerkl\u00e4rung.<br><br>Fragen an die datenschutzbeauftragte Stelle<br>Wenn Sie Fragen zum Datenschutz haben, schreiben Sie uns bitte eine E-Mail an die oben genannte Stelle.<\/p>\n\n\n\n<p>Hinweise zur Datenverarbeitung im Zusammenhang mit Google Analytics<\/p>\n\n\n\n<p>Diese Website benutzt Google Analytics, einen Webanalysedienst der Google Ireland Limited. Wenn der Verantwortliche f\u00fcr die Datenverarbeitung auf dieser Website au\u00dferhalb des Europ\u00e4ischen Wirtschaftsraumes oder der Schweiz sitzt, dann erfolgt die Google Analytics Datenverarbeitung durch Google LLC. Google LLC und Google Ireland Limited werden nachfolgend &#8222;Google&#8220; genannt.<br><br>Google Analytics verwendet sog. &#8222;Cookies&#8220;, Textdateien, die auf dem Computer des Seitenbesuchers gespeichert werden und die eine Analyse der Benutzung der Website durch den Seitenbesucher erm\u00f6glichen. Die durch das Cookie erzeugten Informationen \u00fcber die Benutzung dieser Website durch den Seitenbesucher (einschlie\u00dflich der gek\u00fcrzten IP-Adresse) werden in der Regel an einen Server von Google \u00fcbertragen und dort gespeichert.<br><br>Google Analytics wird ausschlie\u00dflich mit der Erweiterung &#8222;_anonymizeIp()&#8220; auf dieser Website verwendet. Diese Erweiterung stellt eine Anonymisierung der IP-Adresse durch K\u00fcrzung sicher und schlie\u00dft eine direkte Personenbeziehbarkeit aus. Durch die Erweiterung wird die IP-Adresse von Google innerhalb von Mitgliedstaaten der Europ\u00e4ischen Union oder in anderen Vertragsstaaten des Abkommens \u00fcber den Europ\u00e4ischen Wirtschaftsraum zuvor gek\u00fcrzt. Nur in Ausnahmef\u00e4llen wird die volle IP-Adresse an einen Server von Google in den USA \u00fcbertragen und dort gek\u00fcrzt. Die im Rahmen von Google Analytics von dem entsprechenden Browser \u00fcbermittelte IP-Adresse wird nicht mit anderen Daten von Google zusammengef\u00fchrt.<br><br>Im Auftrag des Seitenbetreibers wird Google die anfallenden Informationen benutzen, um die Nutzung der Website auszuwerten, um Reports \u00fcber die Websiteaktivit\u00e4ten zusammenzustellen und um weitere mit der Websitenutzung und der Internetnutzung verbundene Dienstleistungen dem Seitenbetreiber gegen\u00fcber zu erbringen (Art. 6 Abs. 1 lit. f DSGVO). Das berechtigte Interesse an der Datenverarbeitung liegt in der Optimierung dieser Website, der Analyse der Benutzung der Website und der Anpassung der Inhalte. Die Interessen der Nutzer werden durch die Pseudonymisierung hinreichend gewahrt.<br><br>Google LLC. bietet eine Garantie auf Basis der Standardvertragsklauseln ein angemessenes Datenschutzniveau einzuhalten. Die gesendeten und mit Cookies, Nutzerkennungen (z. B. User-ID) oder Werbe-IDs verkn\u00fcpften Daten werden nach 50 Monaten automatisch gel\u00f6scht. Die L\u00f6schung von Daten, deren Aufbewahrungsdauer erreicht ist, erfolgt automatisch einmal im Monat.<br><br>Die Erfassung durch Google Analytics kann verhindert werden, indem der Seitenbesucher die Cookie-Einstellungen f\u00fcr diese Website anpasst. Der Erfassung und Speicherung der IP-Adresse und der durch Cookies erzeugten Daten kann au\u00dferdem jederzeit mit Wirkung f\u00fcr die Zukunft widersprochen werden. Das entsprechende Browser- Plugin kann unter dem folgenden Link heruntergeladen und installiert werden: <a href=\"http:\/\/tools.google.com\/dlpage\/gaoptout\">https:\/\/tools.google.com\/dlpage\/gaoptout<\/a>.<br><br>Der Seitenbesucher kann die Erfassung durch Google Analytics auf dieser Webseite verhindern, indem er auf folgenden Link klickt. Es wird ein Opt-Out-Cookie gesetzt, der die zuk\u00fcnftige Erfassung der Daten beim Besuch dieser Website verhindert.<br><br>Weitere Informationen zur Datennutzung durch Google, Einstellungs- und Widerspruchsm\u00f6glichkeiten, finden sich in der Datenschutzerkl\u00e4rung von Google (<a href=\"https:\/\/policies.google.com\/privacy\">https:\/\/policies.google.com\/privacy<\/a>) sowie in den Einstellungen f\u00fcr die Darstellung von Werbeeinblendungen durch Google (<a href=\"https:\/\/adssettings.google.com\/authenticated\">https:\/\/adssettings.google.com\/authenticated<\/a>).<\/p>\n\n\n\n<p>Website-Analyse mit Google Analytics<\/p>\n\n\n\n<p>Diese Website nutzt Google Analytics 4, einen Webanalyse-Dienst der Google LLC, nachdem die Einwilligung des Benutzers eingeholt wurde. Die zust\u00e4ndigen Stellen sind Google Ireland Limited, Google Building Gordon House, 4 Barrow St, Dublin, D04 E5W5, Irland, f\u00fcr Benutzer aus der EU\/EWR und der Schweiz. Google Analytics 4 praktiziert standardm\u00e4\u00dfig die IP-Anonymisierung, d.h., deine IP-Adresse wird sofort gek\u00fcrzt, wenn du mit dieser Website interagierst. Nur in seltenen F\u00e4llen wird deine vollst\u00e4ndige IP an einen in den USA basierten Google-Server \u00fcbertragen und dort gek\u00fcrzt. Google beteuert, dass die \u00fcber Google Analytics \u00fcbertragene IP niemals mit anderen Google-Daten kombiniert wird. Google Analytics 4 wird nur mit deiner Zustimmung \u00fcber das Cookie-Banner aktiviert und kann jederzeit \u00fcber die Cookie-Einstellungen r\u00fcckg\u00e4ngig gemacht werden.<br><br>Die verarbeiteten Daten umfassen: Nutzungsdaten wie Seitenaufrufe, Website-Interaktion, allgemeiner Standort und Besuchsdauer; und Kommunikationsdaten wie gek\u00fcrzte IP-Adressen, User-Agent, Spracheinstellungen und Bildschirmaufl\u00f6sung. Der Zweck dieser Datenverarbeitung besteht darin, dass Google in Ihrem Namen die Nutzung Ihrer Website auswertet, Berichte \u00fcber die Aktivit\u00e4ten zusammenstellt und die Leistung der Website analysiert. Diese Datenverarbeitung ist legal, basierend auf deiner Zustimmung gem\u00e4\u00df Art. 6 Abs. 1 S. 1 lit. a DSGVO und \u00a7 25 Abs. 1 S. 1 TDDDG.<br><br>Google Ireland Limited, Google LLC und Alphabet Inc sind die Empf\u00e4nger dieser Daten. Deine Website-Nutzungsinformationen werden in der Regel an einen Google-Server in den USA gesendet, eine Aktion, die durch den j\u00fcngsten Angemessenheitsbeschluss der Europ\u00e4ischen Kommission vom 10. Juli 2023 legitimiert wurde, der die Zertifizierung von Google LLC unter dem EU-US-Datenschutzschild anerkennt. In Bezug auf die Datenspeicherung wird jede Daten, die mit Cookies verkn\u00fcpft sind, automatisch nach einer bestimmten Zeit gel\u00f6scht, monatlich f\u00fcr Daten, die ihre Aufbewahrungsfrist erreicht haben, und maximal 2 Jahre f\u00fcr Google Analytics-Cookies.<br><br>F\u00fcr weitere Informationen zu den Nutzungsbedingungen von Google Analytics und zur Datenschutzrichtlinie von Google, besuchen Sie bitte {link}https:\/\/policies.google.com\/{link-ende} und {link}https:\/\/support.google.com\/analytics\/answer\/12017362{link-ende}.<br><br>Google Analytics verwendet sog. &#8222;Cookies&#8220;, Textdateien, die auf dem Computer des Seitenbesuchers gespeichert werden und die eine Analyse der Benutzung der Website durch den Seitenbesucher erm\u00f6glichen. Die durch das Cookie erzeugten Informationen \u00fcber die Benutzung dieser Website durch den Seitenbesucher (einschlie\u00dflich der gek\u00fcrzten IP-Adresse) werden in der Regel an einen Server von Google \u00fcbertragen und dort gespeichert.<br><br>Google Analytics wird ausschlie\u00dflich mit der Erweiterung &#8222;_anonymizeIp()&#8220; auf dieser Website verwendet. Diese Erweiterung stellt eine Anonymisierung der IP-Adresse durch K\u00fcrzung sicher und schlie\u00dft eine direkte Personenbeziehbarkeit aus. Durch die Erweiterung wird die IP-Adresse von Google innerhalb von Mitgliedstaaten der Europ\u00e4ischen Union oder in anderen Vertragsstaaten des Abkommens \u00fcber den Europ\u00e4ischen Wirtschaftsraum zuvor gek\u00fcrzt. Nur in Ausnahmef\u00e4llen wird die volle IP-Adresse an einen Server von Google in den USA \u00fcbertragen und dort gek\u00fcrzt. Die im Rahmen von Google Analytics von dem entsprechenden Browser \u00fcbermittelte IP-Adresse wird nicht mit anderen Daten von Google zusammengef\u00fchrt.<br><br>Im Auftrag des Seitenbetreibers wird Google die anfallenden Informationen benutzen, um die Nutzung der Website auszuwerten, um Reports \u00fcber die Websiteaktivit\u00e4ten zusammenzustellen und um weitere mit der Websitenutzung und der Internetnutzung verbundene Dienstleistungen dem Seitenbetreiber gegen\u00fcber zu erbringen (Art. 6 Abs. 1 lit. f DSGVO). Das berechtigte Interesse an der Datenverarbeitung liegt in der Optimierung dieser Website, der Analyse der Benutzung der Website und der Anpassung der Inhalte. Die Interessen der Nutzer werden durch die Pseudonymisierung hinreichend gewahrt.<br><br>Google LLC. ist nach dem sog. Privacy Shield zertifiziert (Listeneintrag <a href=\"https:\/\/www.privacyshield.gov\/participant?id=a2zt000000001L5AAI\">hier<\/a>) und gew\u00e4hrleistet auf dieser Basis ein angemessenes Datenschutzniveau. Die gesendeten und mit Cookies, Nutzerkennungen (z. B. User-ID) oder Werbe-IDs verkn\u00fcpften Daten werden nach 50 Monaten automatisch gel\u00f6scht. Die L\u00f6schung von Daten, deren Aufbewahrungsdauer erreicht ist, erfolgt automatisch einmal im Monat.<br><br>Die Erfassung durch Google Analytics kann verhindert werden, indem der Seitenbesucher die Cookie-Einstellungen f\u00fcr diese Website anpasst. Der Erfassung und Speicherung der IP-Adresse und der durch Cookies erzeugten Daten kann au\u00dferdem jederzeit mit Wirkung f\u00fcr die Zukunft widersprochen werden. Das entsprechende Browser- Plugin kann unter dem folgenden Link heruntergeladen und installiert werden: <a href=\"http:\/\/tools.google.com\/dlpage\/gaoptout\">https:\/\/tools.google.com\/dlpage\/gaoptout<\/a>.<br><br>Der Seitenbesucher kann die Erfassung durch Google Analytics auf dieser Webseite verhindern, indem er auf folgenden <a>Link<\/a> klickt. Es wird ein Opt-Out-Cookie gesetzt, der die zuk\u00fcnftige Erfassung der Daten beim Besuch dieser Website verhindert.<br><br>Weitere Informationen zur Datennutzung durch Google, Einstellungs- und Widerspruchsm\u00f6glichkeiten, finden sich in der Datenschutzerkl\u00e4rung von Google (<a href=\"https:\/\/policies.google.com\/privacy\">https:\/\/policies.google.com\/privacy<\/a>) sowie in den Einstellungen f\u00fcr die Darstellung von Werbeeinblendungen durch Google (<a href=\"https:\/\/adssettings.google.com\/authenticated\">https:\/\/adssettings.google.com\/authenticated<\/a>).<\/p>\n\n\n\n<p>Spamschutz mit Google reCAPTCHA<\/p>\n\n\n\n<p>Wir haben Google reCAPTCHA in Formularen auf unserer Webseite implementiert, um zu \u00fcberpr\u00fcfen, ob die in den Formularen eingegebenen Daten von menschlichen Besuchern stammen oder von Maschinen oder automatisierten Programmen, die auch als &#8222;Bots&#8220; bekannt sind. Dieses Tool analysiert automatisch das Verhalten der Webseitenbesucher, sobald sie mit der Webseite interagieren, unter Verwendung verschiedener Informationen wie IP-Adresse, Aufenthaltsdauer und Mausbewegungen. Die verarbeiteten Daten umfassen Nutzungsdaten wie die aufgerufene Webseite, Datum und Uhrzeit des Zugriffs und Mausbewegungen sowie Kommunikationsdaten wie IP-Adressen, Browsertyp und Betriebssystem. Diese Verarbeitung richtet sich an Webseitenbesucher und Nutzer von Online-Diensten. Der Hauptzweck dieser Verarbeitung besteht darin, den Missbrauch unseres Kontaktformulars zu verhindern und dadurch die Sicherheit zu erh\u00f6hen. Die rechtliche Grundlage daf\u00fcr ist unser berechtigtes Interesse gem\u00e4\u00df Art. 6 Abs. 1 S. 1 lit. f. DSGVO. Die Datenempf\u00e4nger sind Google Ireland Ltd, ans\u00e4ssig in Google Building Gordon House, Barrow St, Dublin 4, Irland, (https:\/\/policies.google.com\/privacy) und unser Webseiten-Hosting-Anbieter. W\u00e4hrend Ihre pers\u00f6nlichen Daten innerhalb der EU verarbeitet werden, wird die Aufbewahrungsfrist f\u00fcr die verarbeiteten Daten von Google Ireland Limited bestimmt. Weitere Informationen finden Sie in der Datenschutzerkl\u00e4rung von Google reCAPTCHA: <a href=\"https:\/\/policies.google.com\/privacy?hl=de\">https:\/\/policies.google.com\/privacy<\/a><\/p>\n\n\n\n<p><\/p>\n","protected":false},"excerpt":{"rendered":"<p>Wir freuen uns \u00fcber Ihr Interesse an unserem Unternehmen. Datenschutz hat einen hohen Stellenwert in unserer Praxis. Eine Nutzung unserer Internetseite ist grunds\u00e4tzlich ohne jede Angabe personenbezogener Daten m\u00f6glich. Sofern eine betroffene Person besondere Services des Unternehmens \u00fcber unsere Internetseite in Anspruch nehmen m\u00f6chte, k\u00f6nnte jedoch eine Verarbeitung personenbezogener Daten erforderlich werden. Daf\u00fcr holen wir [&hellip;]<\/p>\n","protected":false},"author":1,"featured_media":0,"parent":0,"menu_order":0,"comment_status":"closed","ping_status":"closed","template":"","meta":{"footnotes":""},"class_list":["post-105","page","type-page","status-publish","hentry"],"_links":{"self":[{"href":"https:\/\/osteo-heller.ch\/index.php?rest_route=\/wp\/v2\/pages\/105","targetHints":{"allow":["GET"]}}],"collection":[{"href":"https:\/\/osteo-heller.ch\/index.php?rest_route=\/wp\/v2\/pages"}],"about":[{"href":"https:\/\/osteo-heller.ch\/index.php?rest_route=\/wp\/v2\/types\/page"}],"author":[{"embeddable":true,"href":"https:\/\/osteo-heller.ch\/index.php?rest_route=\/wp\/v2\/users\/1"}],"replies":[{"embeddable":true,"href":"https:\/\/osteo-heller.ch\/index.php?rest_route=%2Fwp%2Fv2%2Fcomments&post=105"}],"version-history":[{"count":5,"href":"https:\/\/osteo-heller.ch\/index.php?rest_route=\/wp\/v2\/pages\/105\/revisions"}],"predecessor-version":[{"id":142,"href":"https:\/\/osteo-heller.ch\/index.php?rest_route=\/wp\/v2\/pages\/105\/revisions\/142"}],"wp:attachment":[{"href":"https:\/\/osteo-heller.ch\/index.php?rest_route=%2Fwp%2Fv2%2Fmedia&parent=105"}],"curies":[{"name":"wp","href":"https:\/\/api.w.org\/{rel}","templated":true}]}}